{"id":77,"date":"2023-11-14T13:32:20","date_gmt":"2023-11-14T13:32:20","guid":{"rendered":"https:\/\/hola.zeus.umh.es\/?page_id=77"},"modified":"2025-03-31T14:28:21","modified_gmt":"2025-03-31T14:28:21","slug":"ptgas","status":"publish","type":"page","link":"https:\/\/hola.umh.es\/ca\/ptgas\/","title":{"rendered":"PTGAS"},"content":{"rendered":"<p><\/p>\n<div class=\"container\">\n<h2>Personal T\u00e8cnic, de Gesti\u00f3 i d&#8217;Administraci\u00f3 i Servicis<\/h2>\n<\/div>\n<p>Amb la finalitat d&#8217;agilitzar la integraci\u00f3 del Personal T\u00e8cnic, de Gesti\u00f3 i d&#8217;Administraci\u00f3 i Servicis (<span class=\"hiddenSpellError\">PTGAS<\/span>) en la UMH, aquest lloc web proporciona informaci\u00f3 detallada sobre el funcionament de la universitat, el seu entorn laboral i els servicis disponibles. Aix\u00ed mateix, trobareu orientaci\u00f3 i indicacions sobre el sistema d&#8217;autenticaci\u00f3 necessari per a accedir als servicis tecnol\u00f2gics, aix\u00ed com enlla\u00e7os a documentaci\u00f3 i manuals d&#8217;usuari de diverses aplicacions i ferramentes tecnol\u00f2giques essencials per al desenvolupament de la vostra labor.<\/p>\n<div class=\"container\">\n<div class=\"row\">\n<div class=\"col\">\n<div class=\"bloque-ficha\">\n<h3>El meu primer dia a la UMH<\/h3>\n<ul class=\"no-bullets\">\n<li><a href=\"https:\/\/umh.es\/localizacion\/geoUMH_es.html\" target=\"_blank\" rel=\"noopener\">Mapas <img loading=\"lazy\" class=\"alignnone size-full wp-image-47\" src=\"https:\/\/hola.umh.es\/files\/2023\/11\/abre-en-nueva-ventana.png\" alt=\"abre en ventana nueva\" width=\"15\" height=\"15\" \/><\/a><\/li>\n<li><a href=\"https:\/\/serviciopas.umh.es\/unidad-pas\/39065-2\/\" target=\"_blank\" rel=\"noopener\">Manual de acogida <img loading=\"lazy\" class=\"alignnone size-full wp-image-47\" src=\"https:\/\/hola.umh.es\/files\/2023\/11\/abre-en-nueva-ventana.png\" alt=\"abre en ventana nueva\" width=\"15\" height=\"15\" \/><\/a><\/li>\n<li><a href=\"https:\/\/sipt.umh.es\/servicios\/gestion-de-identidades\/servicio-de-autenticacion-centralizada\/\">Usuario y clave acceso <img loading=\"lazy\" class=\"alignnone size-full wp-image-47\" src=\"https:\/\/hola.umh.es\/files\/2023\/11\/abre-en-nueva-ventana.png\" alt=\"abre en ventana nueva\" width=\"15\" height=\"15\" \/><\/a><\/li>\n<li><a href=\"https:\/\/autentica.umh.es\/adaspwd\/index.php?r=forgot\/index\">Servicio de recuperaci\u00f3n de contrase\u00f1a <img loading=\"lazy\" class=\"alignnone size-full wp-image-47\" src=\"https:\/\/hola.umh.es\/files\/2023\/11\/abre-en-nueva-ventana.png\" alt=\"abre en ventana nueva\" width=\"15\" height=\"15\" \/><\/a><\/li>\n<li><a href=\"https:\/\/sipt.umh.es\/servicios\/correo-y-colaboracion-electronica\/correo-electronico\/\">El correo electr\u00f3nico <img loading=\"lazy\" class=\"alignnone size-full wp-image-47\" src=\"https:\/\/hola.umh.es\/files\/2023\/11\/abre-en-nueva-ventana.png\" alt=\"abre en ventana nueva\" width=\"15\" height=\"15\" \/><\/a><\/li>\n<li><a href=\"https:\/\/sii.umh.es\/servicios\/red-telecomunicaciones-e-internet\/acceso-a-redes-inalambricas\/\" target=\"_blank\" rel=\"noopener\">Conectarme a la Wifi <img loading=\"lazy\" class=\"alignnone size-full wp-image-47\" src=\"https:\/\/hola.umh.es\/files\/2023\/11\/abre-en-nueva-ventana.png\" alt=\"abre en ventana nueva\" width=\"15\" height=\"15\" \/><\/a><\/li>\n<li><a href=\"https:\/\/sii.umh.es\/servicios\/red-telecomunicaciones-e-internet\/telefonia\/\" target=\"_blank\" rel=\"noopener\">Telefon\u00eda <img loading=\"lazy\" class=\"alignnone size-full wp-image-47\" src=\"https:\/\/hola.umh.es\/files\/2023\/11\/abre-en-nueva-ventana.png\" alt=\"abre en ventana nueva\" width=\"15\" height=\"15\" \/><\/a><\/li>\n<li><a href=\"https:\/\/serviciopas.umh.es\/unidad-pas\/calendario-laboral-pas\/\" target=\"_blank\" rel=\"noopener\">Calendario laboral <img loading=\"lazy\" class=\"alignnone size-full wp-image-47\" src=\"https:\/\/hola.umh.es\/files\/2023\/11\/abre-en-nueva-ventana.png\" alt=\"abre en ventana nueva\" width=\"15\" height=\"15\" \/><\/a><\/li>\n<li><a href=\"https:\/\/sii.umh.es\/servicios\/equipamiento-informatico-e-instalacion-de-software\/gestion-integral-de-impresion-2\/\" target=\"_blank\" rel=\"noopener\">C\u00f3mo imprimir <img loading=\"lazy\" class=\"alignnone size-full wp-image-47\" src=\"https:\/\/hola.umh.es\/files\/2023\/11\/abre-en-nueva-ventana.png\" alt=\"abre en ventana nueva\" width=\"15\" height=\"15\" \/><\/a><\/li>\n<li><a href=\"https:\/\/serviciopas.umh.es\/\" target=\"_blank\" rel=\"noopener\">Servicio de PTGAS <img loading=\"lazy\" class=\"alignnone size-full wp-image-47\" src=\"https:\/\/hola.umh.es\/files\/2023\/11\/abre-en-nueva-ventana.png\" alt=\"abre en ventana nueva\" width=\"15\" height=\"15\" \/><\/a><\/li>\n<li><a href=\"https:\/\/ciberseguridad.umh.es\/\" target=\"_blank\" rel=\"noopener\">Concienciaci\u00f3n en Ciberseguridad <img loading=\"lazy\" class=\"alignnone size-full wp-image-47\" src=\"https:\/\/hola.umh.es\/files\/2023\/11\/abre-en-nueva-ventana.png\" alt=\"abre en ventana nueva\" width=\"15\" height=\"15\" \/><\/a><\/li>\n<\/ul>\n<\/div>\n<\/div>\n<div class=\"col\">\n<div class=\"bloque-ficha\">\n<h3>Formaci\u00f3n<\/h3>\n<ul class=\"no-bullets\">\n<li><a href=\"https:\/\/www.nanocursos.com\/\" target=\"_blank\" rel=\"noopener\">Nanocursos <img loading=\"lazy\" class=\"alignnone size-full wp-image-47\" src=\"https:\/\/hola.umh.es\/files\/2023\/11\/abre-en-nueva-ventana.png\" alt=\"abre en ventana nueva\" width=\"15\" height=\"15\" \/><\/a><\/li>\n<li><a href=\"https:\/\/serviciopas.umh.es\/unidad-pas\/formacion-del-pas\/\" target=\"_blank\" rel=\"noopener\">Formaci\u00f3n del PTGAS <img loading=\"lazy\" class=\"alignnone size-full wp-image-47\" src=\"https:\/\/hola.umh.es\/files\/2023\/11\/abre-en-nueva-ventana.png\" alt=\"abre en ventana nueva\" width=\"15\" height=\"15\" \/><\/a><\/li>\n<li><a href=\"https:\/\/serviciopas.umh.es\/unidad-pas\/formacion-del-pas\/formacion-de-personal-de-nuevo-ingreso\/\" target=\"_blank\" rel=\"noopener\">Formaci\u00f3n nuevo ingreso <img loading=\"lazy\" class=\"alignnone size-full wp-image-47\" src=\"https:\/\/hola.umh.es\/files\/2023\/11\/abre-en-nueva-ventana.png\" alt=\"abre en ventana nueva\" width=\"15\" height=\"15\" \/><\/a><\/li>\n<li><a href=\"https:\/\/www.umh.es\/contenido\/Universidad\/:uor_13103\/datos_es.html\" target=\"_blank\" rel=\"noopener\">Bibliotecas UMH <img loading=\"lazy\" class=\"alignnone size-full wp-image-47\" src=\"https:\/\/hola.umh.es\/files\/2023\/11\/abre-en-nueva-ventana.png\" alt=\"abre en ventana nueva\" width=\"15\" height=\"15\" \/><\/a><\/li>\n<li><a href=\"https:\/\/editorial.umh.es\/\" target=\"_blank\" rel=\"noopener\">Editorial UMH <img loading=\"lazy\" class=\"alignnone size-full wp-image-47\" src=\"https:\/\/hola.umh.es\/files\/2023\/11\/abre-en-nueva-ventana.png\" alt=\"abre en ventana nueva\" width=\"15\" height=\"15\" \/><\/a><\/li>\n<li><a href=\"https:\/\/ingeniumh.umh.es\/acerca\" target=\"_blank\" rel=\"noopener\">IngeniUMH <img loading=\"lazy\" class=\"alignnone size-full wp-image-47\" src=\"https:\/\/hola.umh.es\/files\/2023\/11\/abre-en-nueva-ventana.png\" alt=\"abre en ventana nueva\" width=\"15\" height=\"15\" \/><\/a><\/li>\n<li><a href=\"https:\/\/revistas.innovacionumh.es\/\" target=\"_blank\" rel=\"noopener\">Revistas UMH <img loading=\"lazy\" class=\"alignnone size-full wp-image-47\" src=\"https:\/\/hola.umh.es\/files\/2023\/11\/abre-en-nueva-ventana.png\" alt=\"abre en ventana nueva\" width=\"15\" height=\"15\" \/><\/a><\/li>\n<li><a href=\"http:\/\/dspace.umh.es\/\" target=\"_blank\" rel=\"noopener\">RediUMH<img loading=\"lazy\" class=\"alignnone size-full wp-image-47\" src=\"https:\/\/hola.umh.es\/files\/2023\/11\/abre-en-nueva-ventana.png\" alt=\"abre en ventana nueva\" width=\"15\" height=\"15\" \/><\/a><\/li>\n<li><a href=\"https:\/\/umh.es\/contenido\/Estudios\/:Otros_estudios\/datos_es.html\" target=\"_blank\" rel=\"noopener\">Otros estudios<img loading=\"lazy\" class=\"alignnone size-full wp-image-47\" src=\"https:\/\/hola.umh.es\/files\/2023\/11\/abre-en-nueva-ventana.png\" alt=\"abre en ventana nueva\" width=\"15\" height=\"15\" \/><\/a><\/li>\n<\/ul>\n<\/div>\n<\/div>\n<\/div>\n<div class=\"row\">\n<div class=\"col\">\n<div class=\"bloque-ficha\">\n<h3>Laboral y legal<\/h3>\n<ul class=\"no-bullets\">\n<li><a href=\"https:\/\/serviciopas.umh.es\/convocatorias\/\" target=\"_blank\" rel=\"noopener\">Convocatorias de acceso <img loading=\"lazy\" class=\"alignnone size-full wp-image-47\" src=\"https:\/\/hola.umh.es\/files\/2023\/11\/abre-en-nueva-ventana.png\" alt=\"abre en ventana nueva\" width=\"15\" height=\"15\" \/><\/a><\/li>\n<li><a href=\"https:\/\/servicioprofesorado.umh.es\/nomina-y-seguridad-social\/\" target=\"_blank\" rel=\"noopener\">N\u00f3mina y Seguridad Social <img loading=\"lazy\" class=\"alignnone size-full wp-image-47\" src=\"https:\/\/hola.umh.es\/files\/2023\/11\/abre-en-nueva-ventana.png\" alt=\"abre en ventana nueva\" width=\"15\" height=\"15\" \/><\/a><\/li>\n<li><a href=\"https:\/\/serviciopas.umh.es\/unidad-pas\/formularios-pas\/\" target=\"_blank\" rel=\"noopener\">Tr\u00e1mites <img loading=\"lazy\" class=\"alignnone size-full wp-image-47\" src=\"https:\/\/hola.umh.es\/files\/2023\/11\/abre-en-nueva-ventana.png\" alt=\"abre en ventana nueva\" width=\"15\" height=\"15\" \/><\/a><\/li>\n<li><a href=\"https:\/\/serviciopas.umh.es\/unidad-pas\/legislacion\/\" target=\"_blank\" rel=\"noopener\">Normativas de inter\u00e9s <img loading=\"lazy\" class=\"alignnone size-full wp-image-47\" src=\"https:\/\/hola.umh.es\/files\/2023\/11\/abre-en-nueva-ventana.png\" alt=\"abre en ventana nueva\" width=\"15\" height=\"15\" \/><\/a><\/li>\n<li><a href=\"https:\/\/prevencion.umh.es\/plan-de-emergencia\/\" target=\"_blank\" rel=\"noopener\">Plan de emergencias <img loading=\"lazy\" class=\"alignnone size-full wp-image-47\" src=\"https:\/\/hola.umh.es\/files\/2023\/11\/abre-en-nueva-ventana.png\" alt=\"abre en ventana nueva\" width=\"15\" height=\"15\" \/><\/a><\/li>\n<li><a href=\"https:\/\/boumh.umh.es\/inicio\/\" target=\"_blank\" rel=\"noopener\">Bolet\u00edn Oficial &#8211; BOUMH <img loading=\"lazy\" class=\"alignnone size-full wp-image-47\" src=\"https:\/\/hola.umh.es\/files\/2023\/11\/abre-en-nueva-ventana.png\" alt=\"abre en ventana nueva\" width=\"15\" height=\"15\" \/><\/a><\/li>\n<li><a href=\"https:\/\/prevencion.umh.es\/\" target=\"_blank\" rel=\"noopener\">Salud laboral <img loading=\"lazy\" class=\"alignnone size-full wp-image-47\" src=\"https:\/\/hola.umh.es\/files\/2023\/11\/abre-en-nueva-ventana.png\" alt=\"abre en ventana nueva\" width=\"15\" height=\"15\" \/><\/a><\/li>\n<li><a href=\"https:\/\/umh.es\/contenido\/Universidad\/:Organos_Representacion_Laboral\/datos_es.html\" target=\"_blank\" rel=\"noopener\">Representaci\u00f3n laboral <img loading=\"lazy\" class=\"alignnone size-full wp-image-47\" src=\"https:\/\/hola.umh.es\/files\/2023\/11\/abre-en-nueva-ventana.png\" alt=\"abre en ventana nueva\" width=\"15\" height=\"15\" \/><\/a><\/li>\n<li><a href=\"https:\/\/igualdad.umh.es\/protocolos\/\" target=\"_blank\" rel=\"noopener\">Plan de Igualdad y Protocolos <img loading=\"lazy\" class=\"alignnone size-full wp-image-47\" src=\"https:\/\/hola.umh.es\/files\/2023\/11\/abre-en-nueva-ventana.png\" alt=\"abre en ventana nueva\" width=\"15\" height=\"15\" \/><\/a><\/li>\n<\/ul>\n<\/div>\n<\/div>\n<div class=\"col\">\n<div class=\"bloque-ficha\">\n<h3>Internacional<\/h3>\n<ul class=\"no-bullets\">\n<li><a href=\"https:\/\/internacional.umh.es\/movilidad\/pas\/\" target=\"_blank\" rel=\"noopener\">Movilidad <img loading=\"lazy\" class=\"alignnone size-full wp-image-47\" src=\"https:\/\/hola.umh.es\/files\/2023\/11\/abre-en-nueva-ventana.png\" alt=\"abre en ventana nueva\" width=\"15\" height=\"15\" \/><\/a><\/li>\n<li><a href=\"https:\/\/www.idiomasumh.es\/es\" target=\"_blank\" rel=\"noopener\">Idiomas <img loading=\"lazy\" class=\"alignnone size-full wp-image-47\" src=\"https:\/\/hola.umh.es\/files\/2023\/11\/abre-en-nueva-ventana.png\" alt=\"abre en ventana nueva\" width=\"15\" height=\"15\" \/><\/a><\/li>\n<li><a href=\"https:\/\/internacional.umh.es\/cooperacion-y-voluntariado\/\" target=\"_blank\" rel=\"noopener\">Cooperaci\u00f3n y voluntariado <img loading=\"lazy\" class=\"alignnone size-full wp-image-47\" src=\"https:\/\/hola.umh.es\/files\/2023\/11\/abre-en-nueva-ventana.png\" alt=\"abre en ventana nueva\" width=\"15\" height=\"15\" \/><\/a><\/li>\n<\/ul>\n<\/div>\n<\/div>\n<\/div>\n<div class=\"row\">\n<div class=\"col\">\n<div class=\"bloque-ficha\">\n<h3>Deporte<\/h3>\n<ul class=\"no-bullets\">\n<li><a href=\"https:\/\/deportes.umh.es\/\" target=\"_blank\" rel=\"noopener\">Oficina de Campus Saludables y Deportes <img loading=\"lazy\" class=\"alignnone size-full wp-image-47\" src=\"https:\/\/hola.umh.es\/files\/2023\/11\/abre-en-nueva-ventana.png\" alt=\"abre en ventana nueva\" width=\"15\" height=\"15\" \/><\/a><\/li>\n<li><a href=\"https:\/\/deportes.umh.es\/instalaciones-y-tarifas\/\" target=\"_blank\" rel=\"noopener\">Instalaciones y servicios <img loading=\"lazy\" class=\"alignnone size-full wp-image-47\" src=\"https:\/\/hola.umh.es\/files\/2023\/11\/abre-en-nueva-ventana.png\" alt=\"abre en ventana nueva\" width=\"15\" height=\"15\" \/><\/a><\/li>\n<li><a href=\"https:\/\/deportes.umh.es\/actividades-2\/\" target=\"_blank\" rel=\"noopener\">Actividades <img loading=\"lazy\" class=\"alignnone size-full wp-image-47\" src=\"https:\/\/hola.umh.es\/files\/2023\/11\/abre-en-nueva-ventana.png\" alt=\"abre en ventana nueva\" width=\"15\" height=\"15\" \/><\/a><\/li>\n<\/ul>\n<\/div>\n<\/div>\n<div class=\"col\">\n<div class=\"bloque-ficha\">\n<h3>Otros<\/h3>\n<ul class=\"no-bullets\">\n<li><a href=\"https:\/\/vidaumh.umh.es\/\" target=\"_blank\" rel=\"noopener\">Vida UMH <img loading=\"lazy\" class=\"alignnone size-full wp-image-47\" src=\"https:\/\/hola.umh.es\/files\/2023\/11\/abre-en-nueva-ventana.png\" alt=\"abre en ventana nueva\" width=\"15\" height=\"15\" \/><\/a><\/li>\n<li><a href=\"https:\/\/ventajas.umh.es\/\" target=\"_blank\" rel=\"noopener\">Ventajas comerciales <img loading=\"lazy\" class=\"alignnone size-full wp-image-47\" src=\"https:\/\/hola.umh.es\/files\/2023\/11\/abre-en-nueva-ventana.png\" alt=\"abre en ventana nueva\" width=\"15\" height=\"15\" \/><\/a><\/li>\n<\/ul>\n<\/div>\n<\/div>\n<\/div>\n<\/div>\n<p><\/p>","protected":false},"excerpt":{"rendered":"<p>Personal T\u00e8cnic, de Gesti\u00f3 i d&#8217;Administraci\u00f3 i Servicis Amb la finalitat d&#8217;agilitzar la integraci\u00f3 del Personal T\u00e8cnic, de Gesti\u00f3 i d&#8217;Administraci\u00f3 i Servicis (PTGAS) en la UMH, aquest lloc web proporciona informaci\u00f3 detallada sobre el funcionament de la universitat, el seu entorn laboral i els servicis disponibles. Aix\u00ed mateix, trobareu orientaci\u00f3 i indicacions sobre el [&hellip;]<\/p>\n","protected":false},"author":3,"featured_media":0,"parent":0,"menu_order":3,"comment_status":"closed","ping_status":"closed","template":"","meta":{"ngg_post_thumbnail":0,"_links_to":"","_links_to_target":""},"_links":{"self":[{"href":"https:\/\/hola.umh.es\/ca\/wp-json\/wp\/v2\/pages\/77"}],"collection":[{"href":"https:\/\/hola.umh.es\/ca\/wp-json\/wp\/v2\/pages"}],"about":[{"href":"https:\/\/hola.umh.es\/ca\/wp-json\/wp\/v2\/types\/page"}],"author":[{"embeddable":true,"href":"https:\/\/hola.umh.es\/ca\/wp-json\/wp\/v2\/users\/3"}],"replies":[{"embeddable":true,"href":"https:\/\/hola.umh.es\/ca\/wp-json\/wp\/v2\/comments?post=77"}],"version-history":[{"count":0,"href":"https:\/\/hola.umh.es\/ca\/wp-json\/wp\/v2\/pages\/77\/revisions"}],"wp:attachment":[{"href":"https:\/\/hola.umh.es\/ca\/wp-json\/wp\/v2\/media?parent=77"}],"curies":[{"name":"wp","href":"https:\/\/api.w.org\/{rel}","templated":true}]}}