{"id":23,"date":"2023-11-13T12:19:13","date_gmt":"2023-11-13T12:19:13","guid":{"rendered":"https:\/\/hola.zeus.umh.es\/?page_id=23"},"modified":"2025-02-21T07:52:55","modified_gmt":"2025-02-21T07:52:55","slug":"pdi","status":"publish","type":"page","link":"https:\/\/hola.umh.es\/ca\/pdi\/","title":{"rendered":"PDI"},"content":{"rendered":"<p><\/p>\n<h2>Personal Docente e Investigador<\/h2>\n<div class=\"container\">\n<p>Con el prop\u00f3sito de simplificar la integraci\u00f3n del Personal Docente e Investigador (PDI) en la UMH, este sitio web te acerca informaci\u00f3n detallada sobre el funcionamiento de la Universidad, el contexto de ense\u00f1anza e investigaci\u00f3n, as\u00ed como los servicios disponibles. Aqu\u00ed encontrar\u00e1s instrucciones acerca del sistema de validaci\u00f3n requerido para acceder a las herramientas tecnol\u00f3gicas, junto con enlaces hacia documentaci\u00f3n y manuales de usuario de diversas aplicaciones y recursos tecnol\u00f3gicos necesarios para el desarrollo de la labor docente e investigadora.<\/p>\n<div class=\"row\">\n<div class=\"col\">\n<div class=\"bloque-ficha\">\n<div class=\"text-center\"><!--! Font Awesome Free 6.4.2 by @fontawesome - https:\/\/fontawesome.com License - https:\/\/fontawesome.com\/license (Commercial License) Copyright 2023 Fonticons, Inc. --><\/div>\n<h3>Mi primer d\u00eda en la UMH<\/h3>\n<ul class=\"no-bullets\">\n<li><a href=\"https:\/\/umh.es\/localizacion\/geoUMH_es.html\" target=\"_blank\" rel=\"noopener\">Mapas <img loading=\"lazy\" class=\"alignnone size-full wp-image-47\" src=\" https:\/\/hola.umh.es\/files\/2023\/11\/abre-en-nueva-ventana.png\" alt=\"abre en ventana nueva\" width=\"15\" height=\"15\"><\/a><\/li>\n<li><a href=\"https:\/\/sii.umh.es\/servicios\/gestion-de-aulas-informaticas\/medios-audiovisuales\/\" target=\"_blank\" rel=\"noopener\">Recursos en el aula <img loading=\"lazy\" class=\"alignnone size-full wp-image-47\" src=\" https:\/\/hola.umh.es\/files\/2023\/11\/abre-en-nueva-ventana.png\" alt=\"abre en ventana nueva\" width=\"15\" height=\"15\"><\/a><\/li>\n<li><a href=\"https:\/\/sii.umh.es\/files\/2020\/02\/Opciones-de-inicio-de-sesi%C3%B3n-en-PCs-audiovisuales-sii.pdf\" target=\"_blank\" rel=\"noopener\">Inicio de sesi\u00f3n en audiovisual del aula (PDF)<\/a> <img loading=\"lazy\" class=\"alignnone size-full wp-image-47\" src=\" https:\/\/hola.umh.es\/files\/2023\/11\/abre-en-nueva-ventana.png\" alt=\"abre en ventana nueva\" width=\"15\" height=\"15\"><\/li>\n<li><a href=\"https:\/\/sipt.umh.es\/servicios\/gestion-de-identidades\/servicio-de-autenticacion-centralizada\/\" target=\"_blank\" rel=\"noopener\">Usuario y clave de acceso<\/a> <img loading=\"lazy\" class=\"alignnone size-full wp-image-47\" src=\" https:\/\/hola.umh.es\/files\/2023\/11\/abre-en-nueva-ventana.png\" alt=\"abre en ventana nueva\" width=\"15\" height=\"15\"><\/li>\n<li><a href=\"https:\/\/autentica.umh.es\/adaspwd\/index.php?r=forgot\/index\">Servicio de recuperaci\u00f3n de contrase\u00f1a <img loading=\"lazy\" class=\"alignnone size-full wp-image-47\" src=\" https:\/\/hola.umh.es\/files\/2023\/11\/abre-en-nueva-ventana.png\" alt=\"abre en ventana nueva\" width=\"15\" height=\"15\"><\/a><\/li>\n<li><a href=\"https:\/\/sii.umh.es\/servicios\/red-telecomunicaciones-e-internet\/acceso-a-redes-inalambricas\/\" target=\"_blank\" rel=\"noopener\">Conectarme a la Wifi <img loading=\"lazy\" class=\"alignnone size-full wp-image-47\" src=\" https:\/\/hola.umh.es\/files\/2023\/11\/abre-en-nueva-ventana.png\" alt=\"abre en ventana nueva\" width=\"15\" height=\"15\"><\/a><\/li>\n<li><a href=\"https:\/\/sii.umh.es\/servicios\/red-telecomunicaciones-e-internet\/telefonia\/\" target=\"_blank\" rel=\"noopener\">Telefon\u00eda <img loading=\"lazy\" class=\"alignnone size-full wp-image-47\" src=\" https:\/\/hola.umh.es\/files\/2023\/11\/abre-en-nueva-ventana.png\" alt=\"abre en ventana nueva\" width=\"15\" height=\"15\"><\/a><\/li>\n<li><a href=\"https:\/\/servicioprofesorado.umh.es\/\" target=\"_blank\" rel=\"noopener\">Servicio de profesorado <img loading=\"lazy\" class=\"alignnone size-full wp-image-47\" src=\" https:\/\/hola.umh.es\/files\/2023\/11\/abre-en-nueva-ventana.png\" alt=\"abre en ventana nueva\" width=\"15\" height=\"15\"><\/a><\/li>\n<li><a href=\"https:\/\/ciberseguridad.umh.es\/\" target=\"_blank\" rel=\"noopener\">Concienciaci\u00f3n en Ciberseguridad <img loading=\"lazy\" class=\"alignnone size-full wp-image-47\" src=\" https:\/\/hola.umh.es\/files\/2023\/11\/abre-en-nueva-ventana.png\" alt=\"abre en ventana nueva\" width=\"15\" height=\"15\"><\/a><\/li>\n<\/ul>\n<\/div>\n<\/div>\n<div class=\"col\">\n<div class=\"bloque-ficha\">\n<div class=\"text-center\"><!--! Font Awesome Free 6.4.2 by @fontawesome - https:\/\/fontawesome.com License - https:\/\/fontawesome.com\/license (Commercial License) Copyright 2023 Fonticons, Inc. --><\/div>\n<h3>Docencia<\/h3>\n<ul class=\"no-bullets\">\n<li><a href=\"https:\/\/www.umh.es\/contenido\/PDI\/:calendario\/datos_es.html\" target=\"_blank\" rel=\"noopener\">Calendario acad\u00e9mico <img loading=\"lazy\" class=\"alignnone size-full wp-image-47\" src=\" https:\/\/hola.umh.es\/files\/2023\/11\/abre-en-nueva-ventana.png\" alt=\"abre en ventana nueva\" width=\"15\" height=\"15\"><\/a><\/li>\n<li><a href=\"https:\/\/sipt.umh.es\/servicios\/soporte-tic-a-la-docencia\/campus-virtual-umh\/\" target=\"_blank\" rel=\"noopener\">Campus virtual UMH <img loading=\"lazy\" class=\"alignnone size-full wp-image-47\" src=\" https:\/\/hola.umh.es\/files\/2023\/11\/abre-en-nueva-ventana.png\" alt=\"abre en ventana nueva\" width=\"15\" height=\"15\"><\/a><\/li>\n<li><a href=\"https:\/\/sii.umh.es\/servicios\/gestion-de-aulas-informaticas\/medios-audiovisuales\/\" target=\"_blank\" rel=\"noopener\">Recursos en el aula <img loading=\"lazy\" class=\"alignnone size-full wp-image-47\" src=\" https:\/\/hola.umh.es\/files\/2023\/11\/abre-en-nueva-ventana.png\" alt=\"abre en ventana nueva\" width=\"15\" height=\"15\"><\/a><\/li>\n<li><a href=\"https:\/\/workspace.umh.es\/\" target=\"_blank\" rel=\"noopener\">Google Workspace UMH<\/a><\/li>\n<li><a href=\"https:\/\/sipt.umh.es\/servicios\/soporte-tic-a-la-docencia\/docencia-virtual\/\" target=\"_blank\" rel=\"noopener\">Docencia virtual <img loading=\"lazy\" class=\"alignnone size-full wp-image-47\" src=\" https:\/\/hola.umh.es\/files\/2023\/11\/abre-en-nueva-ventana.png\" alt=\"abre en ventana nueva\" width=\"15\" height=\"15\"><\/a><\/li>\n<li><a href=\"https:\/\/sipt.umh.es\/servicios\/soporte-tic-a-la-docencia\/redes-sociales-para-docencia\/\" target=\"_blank\" rel=\"noopener\">Redes sociales para docencia <img loading=\"lazy\" class=\"alignnone size-full wp-image-47\" src=\" https:\/\/hola.umh.es\/files\/2023\/11\/abre-en-nueva-ventana.png\" alt=\"abre en ventana nueva\" width=\"15\" height=\"15\"><\/a><\/li>\n<li><a href=\"https:\/\/www.umh.es\/contenido\/Universidad\/:uor_13103\/datos_es.html\" target=\"_blank\" rel=\"noopener\">Bibliotecas UMH <img loading=\"lazy\" class=\"alignnone size-full wp-image-47\" src=\" https:\/\/hola.umh.es\/files\/2023\/11\/abre-en-nueva-ventana.png\" alt=\"abre en ventana nueva\" width=\"15\" height=\"15\"><\/a><\/li>\n<li><a href=\"https:\/\/servicioprofesorado.umh.es\/informacion-y-servicios-al-profesorado\/meritos-docentes\/\" target=\"_blank\" rel=\"noopener\">M\u00e9ritos docentes <img loading=\"lazy\" class=\"alignnone size-full wp-image-47\" src=\" https:\/\/hola.umh.es\/files\/2023\/11\/abre-en-nueva-ventana.png\" alt=\"abre en ventana nueva\" width=\"15\" height=\"15\"><\/a><\/li>\n<li><a href=\"https:\/\/servicioprofesorado.umh.es\/informacion-y-servicios-al-profesorado\/programa-docentia-umh\/\" target=\"_blank\" rel=\"noopener\">Programa Docentia UMH <img loading=\"lazy\" class=\"alignnone size-full wp-image-47\" src=\" https:\/\/hola.umh.es\/files\/2023\/11\/abre-en-nueva-ventana.png\" alt=\"abre en ventana nueva\" width=\"15\" height=\"15\"><\/a><\/li>\n<li><a href=\"https:\/\/estudios.umh.es\/formacion-docente\/\" target=\"_blank\" rel=\"noopener\">Formaci\u00f3n y mejora docente <img loading=\"lazy\" class=\"alignnone size-full wp-image-47\" src=\" https:\/\/hola.umh.es\/files\/2023\/11\/abre-en-nueva-ventana.png\" alt=\"abre en ventana nueva\" width=\"15\" height=\"15\"><\/a><\/li>\n<\/ul>\n<\/div>\n<\/div>\n<\/div>\n<div class=\"row\">\n<div class=\"col\">\n<div class=\"bloque-ficha\">\n<div class=\"text-center\"><!--! Font Awesome Free 6.4.2 by @fontawesome - https:\/\/fontawesome.com License - https:\/\/fontawesome.com\/license (Commercial License) Copyright 2023 Fonticons, Inc. --><\/div>\n<h3>Investigaci\u00f3n<\/h3>\n<ul class=\"no-bullets\">\n<li><a href=\"https:\/\/umh.es\/contenido\/Investigacion\/:Instituto_Investigacion\/datos_es.html\" target=\"_blank\" rel=\"noopener\">Institutos<\/a>, <a href=\"https:\/\/umh.es\/contenido\/Investigacion\/:Centro_Investigacion\/datos_es.html\" target=\"_blank\" rel=\"noopener\">Centros <img loading=\"lazy\" class=\"alignnone size-full wp-image-47\" src=\" https:\/\/hola.umh.es\/files\/2023\/11\/abre-en-nueva-ventana.png\" alt=\"abre en ventana nueva\" width=\"15\" height=\"15\"><\/a>, <a href=\"https:\/\/umh.es\/contenido\/Investigacion\/:Departamento\/datos_es.html\" target=\"_blank\" rel=\"noopener\">Departamentos <img loading=\"lazy\" class=\"alignnone size-full wp-image-47\" src=\" https:\/\/hola.umh.es\/files\/2023\/11\/abre-en-nueva-ventana.png\" alt=\"abre en ventana nueva\" width=\"15\" height=\"15\"><\/a> y <a href=\"https:\/\/umh.es\/contenido\/Investigacion\/:Grupo_Investigacion\/datos_es.html\" target=\"_blank\" rel=\"noopener\">Grupos <img loading=\"lazy\" class=\"alignnone size-full wp-image-47\" src=\" https:\/\/hola.umh.es\/files\/2023\/11\/abre-en-nueva-ventana.png\" alt=\"abre en ventana nueva\" width=\"15\" height=\"15\"><\/a><\/li>\n<li><a href=\"https:\/\/sipt.umh.es\/servicios\/soporte-tic-a-la-investigacion\/supercomputacion\/\" target=\"_blank\" rel=\"noopener\">Supercomputaci\u00f3n<\/a><\/li>\n<li><a href=\"https:\/\/otri.umh.es\/\" target=\"_blank\" rel=\"noopener\">Servicio de Gesti\u00f3n de la Investigaci\u00f3n &#8211; OTRI <img loading=\"lazy\" class=\"alignnone size-full wp-image-47\" src=\" https:\/\/hola.umh.es\/files\/2023\/11\/abre-en-nueva-ventana.png\" alt=\"abre en ventana nueva\" width=\"15\" height=\"15\"><\/a><\/li>\n<li><a href=\"https:\/\/oir.umh.es\/\" target=\"_blank\" rel=\"noopener\">Oficina de Investigaci\u00f3n Responsable <img loading=\"lazy\" class=\"alignnone size-full wp-image-47\" src=\" https:\/\/hola.umh.es\/files\/2023\/11\/abre-en-nueva-ventana.png\" alt=\"abre en ventana nueva\" width=\"15\" height=\"15\"><\/a><\/li>\n<li><a href=\"https:\/\/satdi.umh.es\/\" target=\"_blank\" rel=\"noopener\">Servicio de Apoyo T\u00e9cnico a la Docencia y a la Investigaci\u00f3n &#8211; SATDI <img loading=\"lazy\" class=\"alignnone size-full wp-image-47\" src=\" https:\/\/hola.umh.es\/files\/2023\/11\/abre-en-nueva-ventana.png\" alt=\"abre en ventana nueva\" width=\"15\" height=\"15\"><\/a><\/li>\n<li><a href=\"https:\/\/otri.umh.es\/financiacion-idi\/proyectos-de-investigacion\/\" target=\"_blank\" rel=\"noopener\">Proyectos de Investigaci\u00f3n <img loading=\"lazy\" class=\"alignnone size-full wp-image-47\" src=\" https:\/\/hola.umh.es\/files\/2023\/11\/abre-en-nueva-ventana.png\" alt=\"abre en ventana nueva\" width=\"15\" height=\"15\"><\/a><\/li>\n<li><a href=\"https:\/\/otri.umh.es\/financiacion-idi\/movilidad\/\" target=\"_blank\" rel=\"noopener\">Movilidad <img loading=\"lazy\" class=\"alignnone size-full wp-image-47\" src=\" https:\/\/hola.umh.es\/files\/2023\/11\/abre-en-nueva-ventana.png\" alt=\"abre en ventana nueva\" width=\"15\" height=\"15\"><\/a><\/li>\n<li><a href=\"https:\/\/otri.umh.es\/financiacion-idi\/otras-convocatorias\/becas-oportunidades-laborales-y-movilidad\/becas\/\" target=\"_blank\" rel=\"noopener\">Becas de investigaci\u00f3n <img loading=\"lazy\" class=\"alignnone size-full wp-image-47\" src=\" https:\/\/hola.umh.es\/files\/2023\/11\/abre-en-nueva-ventana.png\" alt=\"abre en ventana nueva\" width=\"15\" height=\"15\"><\/a><\/li>\n<li><a href=\"http:\/\/publicaciones.umh.es\/\" target=\"_blank\" rel=\"noopener\">Publicaci\u00f3n cient\u00edfica <img loading=\"lazy\" class=\"alignnone size-full wp-image-47\" src=\" https:\/\/hola.umh.es\/files\/2023\/11\/abre-en-nueva-ventana.png\" alt=\"abre en ventana nueva\" width=\"15\" height=\"15\"><\/a><\/li>\n<li><a href=\"https:\/\/satdi.umh.es\/instrumentacioncientifica\/\" target=\"_blank\" rel=\"noopener\">Equipamiento cient\u00edfico <img loading=\"lazy\" class=\"alignnone size-full wp-image-47\" src=\" https:\/\/hola.umh.es\/files\/2023\/11\/abre-en-nueva-ventana.png\" alt=\"abre en ventana nueva\" width=\"15\" height=\"15\"><\/a><\/li>\n<li><a href=\"https:\/\/umhsapiens.com\/\" target=\"_blank\" rel=\"noopener\">Difusi\u00f3n de investigaci\u00f3n <img loading=\"lazy\" class=\"alignnone size-full wp-image-47\" src=\" https:\/\/hola.umh.es\/files\/2023\/11\/abre-en-nueva-ventana.png\" alt=\"abre en ventana nueva\" width=\"15\" height=\"15\"><\/a><\/li>\n<li><a href=\"https:\/\/umh.es\/contenido\/Investigacion\/:uor_10068\/datos_es.html\">Servicio de Innovaci\u00f3n Anat\u00f3mica <img loading=\"lazy\" class=\"alignnone size-full wp-image-47\" src=\" https:\/\/hola.umh.es\/files\/2023\/11\/abre-en-nueva-ventana.png\" alt=\"abre en ventana nueva\" width=\"15\" height=\"15\"><\/a><\/li>\n<li><a href=\"https:\/\/umh.es\/contenido\/Investigacion\/:uor_67\/datos_es.html\">Servicio de Experimentaci\u00f3n Animal <img loading=\"lazy\" class=\"alignnone size-full wp-image-47\" src=\" https:\/\/hola.umh.es\/files\/2023\/11\/abre-en-nueva-ventana.png\" alt=\"abre en ventana nueva\" width=\"15\" height=\"15\"><\/a><\/li>\n<li><a href=\"https:\/\/www.umh.es\/contenido\/Universidad\/:uor_13103\/datos_es.html\" target=\"_blank\" rel=\"noopener\">Bibliotecas UMH <img loading=\"lazy\" class=\"alignnone size-full wp-image-47\" src=\" https:\/\/hola.umh.es\/files\/2023\/11\/abre-en-nueva-ventana.png\" alt=\"abre en ventana nueva\" width=\"15\" height=\"15\"><\/a><\/li>\n<li><a href=\"https:\/\/servicioprofesorado.umh.es\/informacion-y-servicios-al-profesorado\/sexenios\/\" target=\"_blank\" rel=\"noopener\">Sexenios de investigaci\u00f3n <img loading=\"lazy\" class=\"alignnone size-full wp-image-47\" src=\" https:\/\/hola.umh.es\/files\/2023\/11\/abre-en-nueva-ventana.png\" alt=\"abre en ventana nueva\" width=\"15\" height=\"15\"><\/a><\/li>\n<li><a href=\"http:\/\/dspace.umh.es\/\" target=\"_blank\" rel=\"noopener\">RediUMH <img loading=\"lazy\" class=\"alignnone size-full wp-image-47\" src=\" https:\/\/hola.umh.es\/files\/2023\/11\/abre-en-nueva-ventana.png\" alt=\"abre en ventana nueva\" width=\"15\" height=\"15\"><\/a><\/li>\n<li><a href=\"https:\/\/ingeniumh.umh.es\/acerca\" target=\"_blank\" rel=\"noopener\">IngeniUMH<img loading=\"lazy\" class=\"alignnone size-full wp-image-47\" src=\" https:\/\/hola.umh.es\/files\/2023\/11\/abre-en-nueva-ventana.png\" alt=\"abre en ventana nueva\" width=\"15\" height=\"15\"><\/a><\/li>\n<li><a href=\"https:\/\/vdo.investigacion.umh.es\/\" target=\"_blank\" rel=\"noopener\">Vicerrectorado de Investigaci\u00f3n <img loading=\"lazy\" class=\"alignnone size-full wp-image-47\" src=\" https:\/\/hola.umh.es\/files\/2023\/11\/abre-en-nueva-ventana.png\" alt=\"abre en ventana nueva\" width=\"15\" height=\"15\"><\/a><\/li>\n<li><a href=\"https:\/\/research.umh.es\/vivo\/\" target=\"_blank\" rel=\"noopener\">VIVO<img loading=\"lazy\" class=\"alignnone size-full wp-image-47\" src=\" https:\/\/hola.umh.es\/files\/2023\/11\/abre-en-nueva-ventana.png\" alt=\"abre en ventana nueva\" width=\"15\" height=\"15\"><\/a><\/li>\n<\/ul>\n<\/div>\n<\/div>\n<div class=\"col\">\n<div class=\"bloque-ficha\">\n<div class=\"text-center\"><!--! Font Awesome Free 6.4.2 by @fontawesome - https:\/\/fontawesome.com License - https:\/\/fontawesome.com\/license (Commercial License) Copyright 2023 Fonticons, Inc. --><\/div>\n<h3>Internacional<\/h3>\n<ul class=\"no-bullets\">\n<li><a href=\"https:\/\/internacional.umh.es\/movilidad\/pdi\/\" target=\"_blank\" rel=\"noopener\">Movilidad <img loading=\"lazy\" class=\"alignnone size-full wp-image-47\" src=\" https:\/\/hola.umh.es\/files\/2023\/11\/abre-en-nueva-ventana.png\" alt=\"abre en ventana nueva\" width=\"15\" height=\"15\"><\/a><\/li>\n<li><a href=\"https:\/\/www.idiomasumh.es\/es\" target=\"_blank\" rel=\"noopener\">Idiomas <img loading=\"lazy\" class=\"alignnone size-full wp-image-47\" src=\" https:\/\/hola.umh.es\/files\/2023\/11\/abre-en-nueva-ventana.png\" alt=\"abre en ventana nueva\" width=\"15\" height=\"15\"><\/a><\/li>\n<li><a href=\"https:\/\/internacional.umh.es\/cooperacion-y-voluntariado\/\" target=\"_blank\" rel=\"noopener\">Cooperaci\u00f3n y voluntariado <img loading=\"lazy\" class=\"alignnone size-full wp-image-47\" src=\" https:\/\/hola.umh.es\/files\/2023\/11\/abre-en-nueva-ventana.png\" alt=\"abre en ventana nueva\" width=\"15\" height=\"15\"><\/a><\/li>\n<\/ul>\n<\/div>\n<\/div>\n<\/div>\n<div class=\"row\">\n<div class=\"col\">\n<div class=\"bloque-ficha\">\n<div class=\"text-center\"><!--! Font Awesome Free 6.4.2 by @fontawesome - https:\/\/fontawesome.com License - https:\/\/fontawesome.com\/license (Commercial License) Copyright 2023 Fonticons, Inc. --><\/div>\n<h3>Laboral y legal<\/h3>\n<ul class=\"no-bullets\">\n<li><a href=\"https:\/\/servicioprofesorado.umh.es\/concursos-acceso\/\" target=\"_blank\" rel=\"noopener\">Convocatorias de acceso <img loading=\"lazy\" class=\"alignnone size-full wp-image-47\" src=\" https:\/\/hola.umh.es\/files\/2023\/11\/abre-en-nueva-ventana.png\" alt=\"abre en ventana nueva\" width=\"15\" height=\"15\"><\/a><\/li>\n<li><a href=\"https:\/\/servicioprofesorado.umh.es\/nomina-y-seguridad-social\/\" target=\"_blank\" rel=\"noopener\">N\u00f3mina y Seguridad Social <img loading=\"lazy\" class=\"alignnone size-full wp-image-47\" src=\" https:\/\/hola.umh.es\/files\/2023\/11\/abre-en-nueva-ventana.png\" alt=\"abre en ventana nueva\" width=\"15\" height=\"15\"><\/a><\/li>\n<li><a href=\"https:\/\/servicioprofesorado.umh.es\/formularios\/\" target=\"_blank\" rel=\"noopener\">Tr\u00e1mites <img loading=\"lazy\" class=\"alignnone size-full wp-image-47\" src=\" https:\/\/hola.umh.es\/files\/2023\/11\/abre-en-nueva-ventana.png\" alt=\"abre en ventana nueva\" width=\"15\" height=\"15\"><\/a><\/li>\n<li><a href=\"https:\/\/servicioprofesorado.umh.es\/legislacion\/\" target=\"_blank\" rel=\"noopener\">Normativa y legislaci\u00f3n <img loading=\"lazy\" class=\"alignnone size-full wp-image-47\" src=\" https:\/\/hola.umh.es\/files\/2023\/11\/abre-en-nueva-ventana.png\" alt=\"abre en ventana nueva\" width=\"15\" height=\"15\"><\/a><\/li>\n<li><a href=\"https:\/\/prevencion.umh.es\/plan-de-emergencia\/\" target=\"_blank\" rel=\"noopener\">Plan de emergencias <img loading=\"lazy\" class=\"alignnone size-full wp-image-47\" src=\" https:\/\/hola.umh.es\/files\/2023\/11\/abre-en-nueva-ventana.png\" alt=\"abre en ventana nueva\" width=\"15\" height=\"15\"><\/a><\/li>\n<li><a href=\"https:\/\/boumh.umh.es\/inicio\/\" target=\"_blank\" rel=\"noopener\">Bolet\u00edn Oficial &#8211; BOUMH <img loading=\"lazy\" class=\"alignnone size-full wp-image-47\" src=\" https:\/\/hola.umh.es\/files\/2023\/11\/abre-en-nueva-ventana.png\" alt=\"abre en ventana nueva\" width=\"15\" height=\"15\"><\/a><\/li>\n<li><a href=\"https:\/\/prevencion.umh.es\/\" target=\"_blank\" rel=\"noopener\">Salud laboral <img loading=\"lazy\" class=\"alignnone size-full wp-image-47\" src=\" https:\/\/hola.umh.es\/files\/2023\/11\/abre-en-nueva-ventana.png\" alt=\"abre en ventana nueva\" width=\"15\" height=\"15\"><\/a><\/li>\n<li><a href=\"https:\/\/umh.es\/contenido\/Universidad\/:Organos_Representacion_Laboral\/datos_es.html\" target=\"_blank\" rel=\"noopener\">Representaci\u00f3n laboral <img loading=\"lazy\" class=\"alignnone size-full wp-image-47\" src=\" https:\/\/hola.umh.es\/files\/2023\/11\/abre-en-nueva-ventana.png\" alt=\"abre en ventana nueva\" width=\"15\" height=\"15\"><\/a><\/li>\n<li><a href=\"https:\/\/igualdad.umh.es\/protocolos\/\" target=\"_blank\" rel=\"noopener\">Plan de Igualdad y Protocolos <img loading=\"lazy\" class=\"alignnone size-full wp-image-47\" src=\" https:\/\/hola.umh.es\/files\/2023\/11\/abre-en-nueva-ventana.png\" alt=\"abre en ventana nueva\" width=\"15\" height=\"15\"><\/a><\/li>\n<\/ul>\n<\/div>\n<\/div>\n<div class=\"col\">\n<div class=\"bloque-ficha\">\n<div class=\"text-center\"><!--! Font Awesome Free 6.4.2 by @fontawesome - https:\/\/fontawesome.com License - https:\/\/fontawesome.com\/license (Commercial License) Copyright 2023 Fonticons, Inc. --><\/div>\n<h3>Deporte<\/h3>\n<ul class=\"no-bullets\">\n<li><a href=\"https:\/\/deportes.umh.es\/\" target=\"_blank\" rel=\"noopener\">Oficina de Campus Saludables y Deportes <img loading=\"lazy\" class=\"alignnone size-full wp-image-47\" src=\" https:\/\/hola.umh.es\/files\/2023\/11\/abre-en-nueva-ventana.png\" alt=\"abre en ventana nueva\" width=\"15\" height=\"15\"><\/a><\/li>\n<li><a href=\"https:\/\/deportes.umh.es\/instalaciones-y-tarifas\/\" target=\"_blank\" rel=\"noopener\">Instalaciones y servicios <img loading=\"lazy\" class=\"alignnone size-full wp-image-47\" src=\" https:\/\/hola.umh.es\/files\/2023\/11\/abre-en-nueva-ventana.png\" alt=\"abre en ventana nueva\" width=\"15\" height=\"15\"><\/a><\/li>\n<li><a href=\"https:\/\/deportes.umh.es\/actividades-2\/\" target=\"_blank\" rel=\"noopener\">Actividades <img loading=\"lazy\" class=\"alignnone size-full wp-image-47\" src=\" https:\/\/hola.umh.es\/files\/2023\/11\/abre-en-nueva-ventana.png\" alt=\"abre en ventana nueva\" width=\"15\" height=\"15\"><\/a><\/li>\n<\/ul>\n<\/div>\n<\/div>\n<\/div>\n<div class=\"row\">\n<div class=\"col\">\n<div class=\"bloque-ficha\">\n<div class=\"text-center\"><!--! Font Awesome Free 6.4.2 by @fontawesome - https:\/\/fontawesome.com License - https:\/\/fontawesome.com\/license (Commercial License) Copyright 2023 Fonticons, Inc. --><\/div>\n<h3>Otros<\/h3>\n<ul class=\"no-bullets\">\n<li><a href=\"https:\/\/vidaumh.umh.es\/\" target=\"_blank\" rel=\"noopener\">Vida UMH <img loading=\"lazy\" class=\"alignnone size-full wp-image-47\" src=\" https:\/\/hola.umh.es\/files\/2023\/11\/abre-en-nueva-ventana.png\" alt=\"abre en ventana nueva\" width=\"15\" height=\"15\"><\/a><\/li>\n<li><a href=\"https:\/\/ventajas.umh.es\/\" target=\"_blank\" rel=\"noopener\">Ventajas comerciales <img loading=\"lazy\" class=\"alignnone size-full wp-image-47\" src=\" https:\/\/hola.umh.es\/files\/2023\/11\/abre-en-nueva-ventana.png\" alt=\"abre en ventana nueva\" width=\"15\" height=\"15\"><\/a><\/li>\n<\/ul>\n<\/div>\n<\/div>\n<div class=\"col\">&nbsp;<\/div>\n<\/div>\n<\/div>\n<p><\/p>","protected":false},"excerpt":{"rendered":"<p>Personal Docente e Investigador Con el prop\u00f3sito de simplificar la integraci\u00f3n del Personal Docente e Investigador (PDI) en la UMH, este sitio web te acerca informaci\u00f3n detallada sobre el funcionamiento de la Universidad, el contexto de ense\u00f1anza e investigaci\u00f3n, as\u00ed como los servicios disponibles. Aqu\u00ed encontrar\u00e1s instrucciones acerca del sistema de validaci\u00f3n requerido para acceder [&hellip;]<\/p>\n","protected":false},"author":3,"featured_media":0,"parent":0,"menu_order":2,"comment_status":"closed","ping_status":"closed","template":"","meta":{"ngg_post_thumbnail":0,"_links_to":"","_links_to_target":""},"_links":{"self":[{"href":"https:\/\/hola.umh.es\/ca\/wp-json\/wp\/v2\/pages\/23"}],"collection":[{"href":"https:\/\/hola.umh.es\/ca\/wp-json\/wp\/v2\/pages"}],"about":[{"href":"https:\/\/hola.umh.es\/ca\/wp-json\/wp\/v2\/types\/page"}],"author":[{"embeddable":true,"href":"https:\/\/hola.umh.es\/ca\/wp-json\/wp\/v2\/users\/3"}],"replies":[{"embeddable":true,"href":"https:\/\/hola.umh.es\/ca\/wp-json\/wp\/v2\/comments?post=23"}],"version-history":[{"count":0,"href":"https:\/\/hola.umh.es\/ca\/wp-json\/wp\/v2\/pages\/23\/revisions"}],"wp:attachment":[{"href":"https:\/\/hola.umh.es\/ca\/wp-json\/wp\/v2\/media?parent=23"}],"curies":[{"name":"wp","href":"https:\/\/api.w.org\/{rel}","templated":true}]}}