{"id":142,"date":"2023-11-20T09:56:15","date_gmt":"2023-11-20T09:56:15","guid":{"rendered":"https:\/\/hola.umh.es\/?page_id=142"},"modified":"2024-07-11T06:35:41","modified_gmt":"2024-07-11T06:35:41","slug":"visitantes","status":"publish","type":"page","link":"https:\/\/hola.umh.es\/ca\/visitantes\/","title":{"rendered":"Visitantes"},"content":{"rendered":"<div class=\"container\">\nCon el fin de acercar informaci\u00f3n de inter\u00e9s sobre la Universidad Miguel Hern\u00e1ndez de Elche, hemos recopilado una serie de enlaces de inter\u00e9s para visitantes a las instalaciones UMH.<\/p>\n<div class=\"row\">\n<div class=\"col\">\n<div class=\"bloque-ficha\">\n<div class=\"text-center\"><svg xmlns=\"http:\/\/www.w3.org\/2000\/svg\" height=\"3em\" viewBox=\"0 0 576 512\"><!--! Font Awesome Free 6.4.2 by @fontawesome - https:\/\/fontawesome.com License - https:\/\/fontawesome.com\/license (Commercial License) Copyright 2023 Fonticons, Inc. --><path d=\"M288 0H400c8.8 0 16 7.2 16 16V80c0 8.8-7.2 16-16 16H320.7l89.6 64H512c35.3 0 64 28.7 64 64V448c0 35.3-28.7 64-64 64H336V400c0-26.5-21.5-48-48-48s-48 21.5-48 48V512H64c-35.3 0-64-28.7-64-64V224c0-35.3 28.7-64 64-64H165.7L256 95.5V32c0-17.7 14.3-32 32-32zm48 240a48 48 0 1 0 -96 0 48 48 0 1 0 96 0zM80 224c-8.8 0-16 7.2-16 16v64c0 8.8 7.2 16 16 16h32c8.8 0 16-7.2 16-16V240c0-8.8-7.2-16-16-16H80zm368 16v64c0 8.8 7.2 16 16 16h32c8.8 0 16-7.2 16-16V240c0-8.8-7.2-16-16-16H464c-8.8 0-16 7.2-16 16zM80 352c-8.8 0-16 7.2-16 16v64c0 8.8 7.2 16 16 16h32c8.8 0 16-7.2 16-16V368c0-8.8-7.2-16-16-16H80zm384 0c-8.8 0-16 7.2-16 16v64c0 8.8 7.2 16 16 16h32c8.8 0 16-7.2 16-16V368c0-8.8-7.2-16-16-16H464z\"\/><\/svg><\/div>\n<h3>Campus<\/h3>\n<ul class=\"no-bullets\">\n<li><a href=\"https:\/\/campuselche.umh.es\/\" target=\"_blank\" rel=\"noopener\">Elche<img loading=\"lazy\" class=\"alignnone size-full wp-image-47\" src=\" https:\/\/hola.umh.es\/files\/2023\/11\/abre-en-nueva-ventana.png\" alt=\"abre en ventana nueva\" width=\"15\" height=\"15\" \/><\/a><\/li>\n<li><a href=\"https:\/\/campussantjoan.umh.es\/\" target=\"_blank\" rel=\"noopener\">San Joan<img loading=\"lazy\" class=\"alignnone size-full wp-image-47\" src=\" https:\/\/hola.umh.es\/files\/2023\/11\/abre-en-nueva-ventana.png\" alt=\"abre en ventana nueva\" width=\"15\" height=\"15\" \/><\/a><\/li>\n<li><a href=\"https:\/\/campusorihuela.umh.es\/\" target=\"_blank\" rel=\"noopener\">Orihuela<\/a> <img loading=\"lazy\" class=\"alignnone size-full wp-image-47\" src=\" https:\/\/hola.umh.es\/files\/2023\/11\/abre-en-nueva-ventana.png\" alt=\"abre en ventana nueva\" width=\"15\" height=\"15\" \/><\/li>\n<li><a href=\"https:\/\/campusaltea.umh.es\/es\/\">Altea <img loading=\"lazy\" class=\"alignnone size-full wp-image-47\" src=\" https:\/\/hola.umh.es\/files\/2023\/11\/abre-en-nueva-ventana.png\" alt=\"abre en ventana nueva\" width=\"15\" height=\"15\" \/><\/a><\/li>\n<li><a href=\"https:\/\/umh.es\/localizacion\/geoUMH_es.html\" target=\"_blank\" rel=\"noopener\">Mapas <img loading=\"lazy\" class=\"alignnone size-full wp-image-47\" src=\" https:\/\/hola.umh.es\/files\/2023\/11\/abre-en-nueva-ventana.png\" alt=\"abre en ventana nueva\" width=\"15\" height=\"15\" \/><\/a><\/li>\n<li><a href=\"https:\/\/futuroestudiante.umh.es\/visita\/index.html\" target=\"_blank\" rel=\"noopener\">Visita virtual <img loading=\"lazy\" class=\"alignnone size-full wp-image-47\" src=\" https:\/\/hola.umh.es\/files\/2023\/11\/abre-en-nueva-ventana.png\" alt=\"abre en ventana nueva\" width=\"15\" height=\"15\" \/><\/a><\/li>\n<li><a href=\"https:\/\/biblioteca.umh.es\/presentacion\/\" target=\"_blank\" rel=\"noopener\">Biblioteca <img loading=\"lazy\" class=\"alignnone size-full wp-image-47\" src=\" https:\/\/hola.umh.es\/files\/2023\/11\/abre-en-nueva-ventana.png\" alt=\"abre en ventana nueva\" width=\"15\" height=\"15\" \/><\/a><\/li>\n<li><a href=\"https:\/\/infraestructuras.umh.es\/unidad-de-mantenimiento-y-obras\/cafeterias\/\" target=\"_blank\" rel=\"noopener\">Cafeter\u00edas <img loading=\"lazy\" class=\"alignnone size-full wp-image-47\" src=\" https:\/\/hola.umh.es\/files\/2023\/11\/abre-en-nueva-ventana.png\" alt=\"abre en ventana nueva\" width=\"15\" height=\"15\" \/><\/a><\/li>\n<\/ul>\n<\/div>\n<\/div>\n<div class=\"col\">\n<div class=\"bloque-ficha\">\n<div class=\"text-center\"><svg xmlns=\"http:\/\/www.w3.org\/2000\/svg\" height=\"3em\" viewBox=\"0 0 448 512\"><!--! Font Awesome Free 6.4.2 by @fontawesome - https:\/\/fontawesome.com License - https:\/\/fontawesome.com\/license (Commercial License) Copyright 2023 Fonticons, Inc. --><path d=\"M224 0C348.8 0 448 35.2 448 80V96 416c0 17.7-14.3 32-32 32v32c0 17.7-14.3 32-32 32H352c-17.7 0-32-14.3-32-32V448H128v32c0 17.7-14.3 32-32 32H64c-17.7 0-32-14.3-32-32l0-32c-17.7 0-32-14.3-32-32V96 80C0 35.2 99.2 0 224 0zM64 128V256c0 17.7 14.3 32 32 32H352c17.7 0 32-14.3 32-32V128c0-17.7-14.3-32-32-32H96c-17.7 0-32 14.3-32 32zM80 400a32 32 0 1 0 0-64 32 32 0 1 0 0 64zm288 0a32 32 0 1 0 0-64 32 32 0 1 0 0 64z\"\/><\/svg><\/div>\n<h3>Transporte<\/h3>\n<ul class=\"no-bullets\">\n<li><a href=\"https:\/\/www.umhsostenible.com\/coche-compartido\/\" target=\"_blank\" rel=\"noopener\">Coche compartido <img loading=\"lazy\" class=\"alignnone size-full wp-image-47\" src=\" https:\/\/hola.umh.es\/files\/2023\/11\/abre-en-nueva-ventana.png\" alt=\"abre en ventana nueva\" width=\"15\" height=\"15\" \/><\/a><\/li>\n<li><a href=\"https:\/\/www.auesa.com\/es\/\" target=\"_blank\" rel=\"noopener\">Autob\u00fas urbano <img loading=\"lazy\" class=\"alignnone size-full wp-image-47\" src=\" https:\/\/hola.umh.es\/files\/2023\/11\/abre-en-nueva-ventana.png\" alt=\"abre en ventana nueva\" width=\"15\" height=\"15\" \/><\/a><\/li>\n<li><a href=\"https:\/\/www.renfe.com\/es\/es\/viajar\/prepara-tu-viaje\/trenes-media-distancia-avant\/abonos-media-distancia\" target=\"_blank\" rel=\"noopener\">Abonos de trenes <img loading=\"lazy\" class=\"alignnone size-full wp-image-47\" src=\" https:\/\/hola.umh.es\/files\/2023\/11\/abre-en-nueva-ventana.png\" alt=\"abre en ventana nueva\" width=\"15\" height=\"15\" \/><\/a><\/li>\n<li><a href=\"https:\/\/bicielx.es\/\" target=\"_blank\" rel=\"noopener\">Servicio de bicicletas Elche<\/a><\/li>\n<li><a href=\"https:\/\/www.tramalacant.es\/es\/\" target=\"_blank\" rel=\"noopener\">TRAM Alicante-Altea <img loading=\"lazy\" class=\"alignnone size-full wp-image-47\" src=\" https:\/\/hola.umh.es\/files\/2023\/11\/abre-en-nueva-ventana.png\" alt=\"abre en ventana nueva\" width=\"15\" height=\"15\" \/><\/a><\/li>\n<li><a href=\"https:\/\/www.renfe.com\/es\/es\/cercanias\/cercanias-murcia-alicante\" target=\"_blank\" rel=\"noopener\">Tren Murcia-Elche-Alicante <img loading=\"lazy\" class=\"alignnone size-full wp-image-47\" src=\" https:\/\/hola.umh.es\/files\/2023\/11\/abre-en-nueva-ventana.png\" alt=\"abre en ventana nueva\" width=\"15\" height=\"15\" \/><\/a><\/li>\n<\/ul>\n<\/div>\n<\/div>\n<\/div>\n<div class=\"row\">\n<div class=\"col\">\n<div class=\"bloque-ficha\">\n<div class=\"text-center\">\n<svg xmlns=\"http:\/\/www.w3.org\/2000\/svg\" height=\"3em\" viewBox=\"0 0 512 512\"><!--! Font Awesome Free 6.4.2 by @fontawesome - https:\/\/fontawesome.com License - https:\/\/fontawesome.com\/license (Commercial License) Copyright 2023 Fonticons, Inc. --><path d=\"M4.1 38.2C1.4 34.2 0 29.4 0 24.6C0 11 11 0 24.6 0H133.9c11.2 0 21.7 5.9 27.4 15.5l68.5 114.1c-48.2 6.1-91.3 28.6-123.4 61.9L4.1 38.2zm503.7 0L405.6 191.5c-32.1-33.3-75.2-55.8-123.4-61.9L350.7 15.5C356.5 5.9 366.9 0 378.1 0H487.4C501 0 512 11 512 24.6c0 4.8-1.4 9.6-4.1 13.6zM80 336a176 176 0 1 1 352 0A176 176 0 1 1 80 336zm184.4-94.9c-3.4-7-13.3-7-16.8 0l-22.4 45.4c-1.4 2.8-4 4.7-7 5.1L168 298.9c-7.7 1.1-10.7 10.5-5.2 16l36.3 35.4c2.2 2.2 3.2 5.2 2.7 8.3l-8.6 49.9c-1.3 7.6 6.7 13.5 13.6 9.9l44.8-23.6c2.7-1.4 6-1.4 8.7 0l44.8 23.6c6.9 3.6 14.9-2.2 13.6-9.9l-8.6-49.9c-.5-3 .5-6.1 2.7-8.3l36.3-35.4c5.6-5.4 2.5-14.8-5.2-16l-50.1-7.3c-3-.4-5.7-2.4-7-5.1l-22.4-45.4z\"\/><\/svg><\/div>\n<h3>Deporte<\/h3>\n<ul class=\"no-bullets\">\n<li><a href=\"https:\/\/deportes.umh.es\/\" target=\"_blank\" rel=\"noopener\">Oficina de Campus Saludables y Deportes<\/a><img loading=\"lazy\" class=\"alignnone size-full wp-image-47\" src=\" https:\/\/hola.umh.es\/files\/2023\/11\/abre-en-nueva-ventana.png\" alt=\"abre en ventana nueva\" width=\"15\" height=\"15\" \/><\/a><\/li>\n<li><a href=\"https:\/\/deportes.umh.es\/instalaciones-y-tarifas\/\" target=\"_blank\" rel=\"noopener\">Instalaciones y servicios<img loading=\"lazy\" class=\"alignnone size-full wp-image-47\" src=\" https:\/\/hola.umh.es\/files\/2023\/11\/abre-en-nueva-ventana.png\" alt=\"abre en ventana nueva\" width=\"15\" height=\"15\" \/><\/a><\/li>\n<li><a href=\"https:\/\/deportes.umh.es\/actividades-2\/\" target=\"_blank\" rel=\"noopener\">Actividades <img loading=\"lazy\" class=\"alignnone size-full wp-image-47\" src=\" https:\/\/hola.umh.es\/files\/2023\/11\/abre-en-nueva-ventana.png\" alt=\"abre en ventana nueva\" width=\"15\" height=\"15\" \/><\/a><\/li>\n<\/ul>\n<\/div>\n<\/div>\n<div class=\"col\">\n<div class=\"bloque-ficha\">\n<div class=\"text-center\"><svg xmlns=\"http:\/\/www.w3.org\/2000\/svg\" height=\"3em\" viewBox=\"0 0 576 512\"><!--! Font Awesome Free 6.4.2 by @fontawesome - https:\/\/fontawesome.com License - https:\/\/fontawesome.com\/license (Commercial License) Copyright 2023 Fonticons, Inc. --><path d=\"M288 0H400c8.8 0 16 7.2 16 16V80c0 8.8-7.2 16-16 16H320.7l89.6 64H512c35.3 0 64 28.7 64 64V448c0 35.3-28.7 64-64 64H336V400c0-26.5-21.5-48-48-48s-48 21.5-48 48V512H64c-35.3 0-64-28.7-64-64V224c0-35.3 28.7-64 64-64H165.7L256 95.5V32c0-17.7 14.3-32 32-32zm48 240a48 48 0 1 0 -96 0 48 48 0 1 0 96 0zM80 224c-8.8 0-16 7.2-16 16v64c0 8.8 7.2 16 16 16h32c8.8 0 16-7.2 16-16V240c0-8.8-7.2-16-16-16H80zm368 16v64c0 8.8 7.2 16 16 16h32c8.8 0 16-7.2 16-16V240c0-8.8-7.2-16-16-16H464c-8.8 0-16 7.2-16 16zM80 352c-8.8 0-16 7.2-16 16v64c0 8.8 7.2 16 16 16h32c8.8 0 16-7.2 16-16V368c0-8.8-7.2-16-16-16H80zm384 0c-8.8 0-16 7.2-16 16v64c0 8.8 7.2 16 16 16h32c8.8 0 16-7.2 16-16V368c0-8.8-7.2-16-16-16H464z\"\/><\/svg><\/div>\n<h3>En el campus<\/h3>\n<ul class=\"no-bullets\">\n<li><a href=\"https:\/\/sii.umh.es\/servicios\/red-telecomunicaciones-e-internet\/acceso-a-redes-inalambricas\/\" target=\"_blank\" rel=\"noopener\">Conectarse al WiFi <img loading=\"lazy\" class=\"alignnone size-full wp-image-47\" src=\" https:\/\/hola.umh.es\/files\/2023\/11\/abre-en-nueva-ventana.png\" alt=\"abre en ventana nueva\" width=\"15\" height=\"15\" \/><\/a><\/li>\n<li><a href=\"https:\/\/tienda.umh.es\/\" target=\"_blank\" rel=\"noopener\">Tienda UMH <img loading=\"lazy\" class=\"alignnone size-full wp-image-47\" src=\" https:\/\/hola.umh.es\/files\/2023\/11\/abre-en-nueva-ventana.png\" alt=\"abre en ventana nueva\" width=\"15\" height=\"15\" \/><\/a><\/li>\n<li><a href=\"https:\/\/infraestructuras.umh.es\/unidad-de-mantenimiento-y-obras\/seguridad-y-sistemas-de-seguridad\/seguridad\/\" target=\"_blank\" rel=\"noopener\">Seguridad<img loading=\"lazy\" class=\"alignnone size-full wp-image-47\" src=\" https:\/\/hola.umh.es\/files\/2023\/11\/abre-en-nueva-ventana.png\" alt=\"abre en ventana nueva\" width=\"15\" height=\"15\" \/><\/a><\/li>\n<li><a href=\"https:\/\/infraestructuras.umh.es\/unidad-de-mantenimiento-y-obras\/objetos-perdidos\/\" target=\"_blank\" rel=\"noopener\">Objetos perdidos<img loading=\"lazy\" class=\"alignnone size-full wp-image-47\" src=\" https:\/\/hola.umh.es\/files\/2023\/11\/abre-en-nueva-ventana.png\" alt=\"abre en ventana nueva\" width=\"15\" height=\"15\" \/><\/a><\/li>\n<li><a href=\"https:\/\/sii.umh.es\/servicios\/gestion-de-aulas-informaticas\/medios-audiovisuales\/\" target=\"_blank\" rel=\"noopener\">Servicio de Infraestructuras Inform\u00e1ticas<img loading=\"lazy\" class=\"alignnone size-full wp-image-47\" src=\" https:\/\/hola.umh.es\/files\/2023\/11\/abre-en-nueva-ventana.png\" alt=\"abre en ventana nueva\" width=\"15\" height=\"15\" \/><\/a><\/li>\n<\/ul>\n<\/div>\n<\/div>\n<\/div>\n<div class=\"row\">\n<div class=\"col\">\n<div class=\"bloque-ficha\">\n<div class=\"text-center\"><svg xmlns=\"http:\/\/www.w3.org\/2000\/svg\" height=\"3em\" viewBox=\"0 0 512 512\"><!--! Font Awesome Free 6.4.2 by @fontawesome - https:\/\/fontawesome.com License - https:\/\/fontawesome.com\/license (Commercial License) Copyright 2023 Fonticons, Inc. --><path d=\"M176 56V96H336V56c0-4.4-3.6-8-8-8H184c-4.4 0-8 3.6-8 8zM128 96V56c0-30.9 25.1-56 56-56H328c30.9 0 56 25.1 56 56V96v32V480H128V128 96zM64 96H96V480H64c-35.3 0-64-28.7-64-64V160c0-35.3 28.7-64 64-64zM448 480H416V96h32c35.3 0 64 28.7 64 64V416c0 35.3-28.7 64-64 64z\"\/><\/svg><\/div>\n<h3>Laboral y pagos<\/h3>\n<ul class=\"no-bullets\">\n<li><a href=\"https:\/\/contratacion.umh.es\/perfil-de-contratante-2\/\" target=\"_blank\" rel=\"noopener\">Perfil del contratante <img loading=\"lazy\" class=\"alignnone size-full wp-image-47\" src=\" https:\/\/hola.umh.es\/files\/2023\/11\/abre-en-nueva-ventana.png\" alt=\"abre en ventana nueva\" width=\"15\" height=\"15\" \/><\/a><\/li>\n<li><a href=\"https:\/\/universite.umh.es\/app\/recibos\" target=\"_blank\" rel=\"noopener\">Recibos<img loading=\"lazy\" class=\"alignnone size-full wp-image-47\" src=\" https:\/\/hola.umh.es\/files\/2023\/11\/abre-en-nueva-ventana.png\" alt=\"abre en ventana nueva\" width=\"15\" height=\"15\" \/><\/a><\/li>\n<li><a href=\"https:\/\/universite.umh.es\/app\/pagovirtual\" target=\"_blank\" rel=\"noopener\">Pago Virtual<img loading=\"lazy\" class=\"alignnone size-full wp-image-47\" src=\" https:\/\/hola.umh.es\/files\/2023\/11\/abre-en-nueva-ventana.png\" alt=\"abre en ventana nueva\" width=\"15\" height=\"15\" \/><\/a><\/li>\n<\/ul>\n<\/div>\n<\/div>\n<div class=\"col\">\n<div class=\"bloque-ficha\">\n<div class=\"text-center\"><svg xmlns=\"http:\/\/www.w3.org\/2000\/svg\" height=\"3em\" viewBox=\"0 0 512 512\"><!--! Font Awesome Free 6.4.2 by @fontawesome - https:\/\/fontawesome.com License - https:\/\/fontawesome.com\/license (Commercial License) Copyright 2023 Fonticons, Inc. --><path d=\"M40 48C26.7 48 16 58.7 16 72v48c0 13.3 10.7 24 24 24H88c13.3 0 24-10.7 24-24V72c0-13.3-10.7-24-24-24H40zM192 64c-17.7 0-32 14.3-32 32s14.3 32 32 32H480c17.7 0 32-14.3 32-32s-14.3-32-32-32H192zm0 160c-17.7 0-32 14.3-32 32s14.3 32 32 32H480c17.7 0 32-14.3 32-32s-14.3-32-32-32H192zm0 160c-17.7 0-32 14.3-32 32s14.3 32 32 32H480c17.7 0 32-14.3 32-32s-14.3-32-32-32H192zM16 232v48c0 13.3 10.7 24 24 24H88c13.3 0 24-10.7 24-24V232c0-13.3-10.7-24-24-24H40c-13.3 0-24 10.7-24 24zM40 368c-13.3 0-24 10.7-24 24v48c0 13.3 10.7 24 24 24H88c13.3 0 24-10.7 24-24V392c0-13.3-10.7-24-24-24H40z\"\/><\/svg><\/div>\n<h3>Otros<\/h3>\n<ul class=\"no-bullets\">\n<li><a href=\"https:\/\/www.youtube.com\/user\/InnovacionDocenteUMH\/playlists\" target=\"_blank\" rel=\"noopener\">Canal de Youtube<img loading=\"lazy\" class=\"alignnone size-full wp-image-47\" src=\" https:\/\/hola.umh.es\/files\/2023\/11\/abre-en-nueva-ventana.png\" alt=\"abre en ventana nueva\" width=\"15\" height=\"15\" \/><\/a><\/li>\n<li><a href=\"https:\/\/vidaumh.umh.es\/\" target=\"_blank\" rel=\"noopener\">Vida UMH<img loading=\"lazy\" class=\"alignnone size-full wp-image-47\" src=\" https:\/\/hola.umh.es\/files\/2023\/11\/abre-en-nueva-ventana.png\" alt=\"abre en ventana nueva\" width=\"15\" height=\"15\" \/><\/a><\/li>\n<li><a href=\"https:\/\/www.umhsostenible.com\/\" target=\"_blank\" rel=\"noopener\">UMH Sostenible<img loading=\"lazy\" class=\"alignnone size-full wp-image-47\" src=\" https:\/\/hola.umh.es\/files\/2023\/11\/abre-en-nueva-ventana.png\" alt=\"abre en ventana nueva\" width=\"15\" height=\"15\" \/><\/a><\/li>\n<li><a href=\"https:\/\/www.idiomasumh.es\/es\" target=\"_blank\" rel=\"noopener\">Idiomas<img loading=\"lazy\" class=\"alignnone size-full wp-image-47\" src=\" https:\/\/hola.umh.es\/files\/2023\/11\/abre-en-nueva-ventana.png\" alt=\"abre en ventana nueva\" width=\"15\" height=\"15\" \/><\/a><\/li>\n<li><a href=\"https:\/\/editorial.umh.es\/\" target=\"_blank\" rel=\"noopener\">Editorial UMH<img loading=\"lazy\" class=\"alignnone size-full wp-image-47\" src=\" https:\/\/hola.umh.es\/files\/2023\/11\/abre-en-nueva-ventana.png\" alt=\"abre en ventana nueva\" width=\"15\" height=\"15\" \/><\/a><\/li>\n<li><a href=\"https:\/\/revistas.innovacionumh.es\/\" target=\"_blank\" rel=\"noopener\">Revistas UMH<img loading=\"lazy\" class=\"alignnone size-full wp-image-47\" src=\" https:\/\/hola.umh.es\/files\/2023\/11\/abre-en-nueva-ventana.png\" alt=\"abre en ventana nueva\" width=\"15\" height=\"15\" \/><\/a><\/li>\n<li><a href=\"https:\/\/radio.umh.es\/\" target=\"_blank\" rel=\"noopener\">Radio UMH<img loading=\"lazy\" class=\"alignnone size-full wp-image-47\" src=\" https:\/\/hola.umh.es\/files\/2023\/11\/abre-en-nueva-ventana.png\" alt=\"abre en ventana nueva\" width=\"15\" height=\"15\" \/><\/a><\/li>\n<li><a href=\"https:\/\/cultura.umh.es\/\" target=\"_blank\" rel=\"noopener\">Cultura UMH<img loading=\"lazy\" class=\"alignnone size-full wp-image-47\" src=\" https:\/\/hola.umh.es\/files\/2023\/11\/abre-en-nueva-ventana.png\" alt=\"abre en ventana nueva\" width=\"15\" height=\"15\" \/><\/a><\/li>\n<li><a href=\"https:\/\/ciberseguridad.umh.es\/\" target=\"_blank\" rel=\"noopener\">Concienciaci\u00f3n en Ciberseguridad <img loading=\"lazy\" class=\"alignnone size-full wp-image-47\" src=\" https:\/\/hola.umh.es\/files\/2023\/11\/abre-en-nueva-ventana.png\" alt=\"abre en ventana nueva\" width=\"15\" height=\"15\"><\/a><\/li>\n<\/ul>\n<\/div>\n<\/div>\n<\/div>\n<\/div>\n","protected":false},"excerpt":{"rendered":"<p>Con el fin de acercar informaci\u00f3n de inter\u00e9s sobre la Universidad Miguel Hern\u00e1ndez de Elche, hemos recopilado una serie de enlaces de inter\u00e9s para visitantes a las instalaciones UMH. Campus Elche San Joan Orihuela Altea Mapas Visita virtual Biblioteca Cafeter\u00edas Transporte Coche compartido Autob\u00fas urbano Abonos de trenes Servicio de bicicletas Elche TRAM Alicante-Altea Tren [&hellip;]<\/p>\n","protected":false},"author":24713,"featured_media":0,"parent":0,"menu_order":6,"comment_status":"closed","ping_status":"closed","template":"","meta":{"ngg_post_thumbnail":0,"_links_to":"","_links_to_target":""},"_links":{"self":[{"href":"https:\/\/hola.umh.es\/ca\/wp-json\/wp\/v2\/pages\/142"}],"collection":[{"href":"https:\/\/hola.umh.es\/ca\/wp-json\/wp\/v2\/pages"}],"about":[{"href":"https:\/\/hola.umh.es\/ca\/wp-json\/wp\/v2\/types\/page"}],"author":[{"embeddable":true,"href":"https:\/\/hola.umh.es\/ca\/wp-json\/wp\/v2\/users\/24713"}],"replies":[{"embeddable":true,"href":"https:\/\/hola.umh.es\/ca\/wp-json\/wp\/v2\/comments?post=142"}],"version-history":[{"count":0,"href":"https:\/\/hola.umh.es\/ca\/wp-json\/wp\/v2\/pages\/142\/revisions"}],"wp:attachment":[{"href":"https:\/\/hola.umh.es\/ca\/wp-json\/wp\/v2\/media?parent=142"}],"curies":[{"name":"wp","href":"https:\/\/api.w.org\/{rel}","templated":true}]}}